{"id":1242,"date":"2019-03-20T11:26:07","date_gmt":"2019-03-20T11:26:07","guid":{"rendered":"https:\/\/www.carambas.eu\/disclaimer\/"},"modified":"2019-12-06T13:17:13","modified_gmt":"2019-12-06T13:17:13","slug":"declinarea-responsabilitatii","status":"publish","type":"page","link":"https:\/\/carambas.eu\/ro\/declinarea-responsabilitatii\/","title":{"rendered":"Declinarea responsabilit\u0103\u021bii"},"content":{"rendered":"<p>[et_pb_section fb_built=&#8221;1&#8243; _builder_version=&#8221;3.22&#8243; background_color=&#8221;#ffffff&#8221; custom_margin=&#8221;-110px||&#8221;][et_pb_row _builder_version=&#8221;3.25&#8243; custom_margin=&#8221;-85px||&#8221;][et_pb_column type=&#8221;4_4&#8243; _builder_version=&#8221;3.25&#8243; custom_padding=&#8221;|||&#8221; custom_padding__hover=&#8221;|||&#8221;][et_pb_text _builder_version=&#8221;4.0.7&#8243; header_font=&#8221;||||||||&#8221; header_2_font=&#8221;|800|on||||||&#8221; header_2_font_size=&#8221;30px&#8221; custom_margin=&#8221;10px||&#8221; custom_margin_tablet=&#8221;130px||&#8221; custom_margin_phone=&#8221;&#8221; custom_margin_last_edited=&#8221;on|phone&#8221;]<\/p>\n<p><a style=\"font-size: 14px;\" href=\"https:\/\/carambas.eu\/ro\/\"> <i class=\"far fa-arrow-alt-circle-left\"><\/i> \u00cenapoi la pagina principal\u0103<\/a><\/p>\n<h2 style=\"padding-top: 30px;\">Declinarea responsabilit\u0103\u021bii<\/h2>\n<p>Carambas (Camera de Comer\u021b 73461164), denumit\u0103 \u00een continuare Carambas, v\u0103 acord\u0103 prin prezenta acces la Carambas.eu (site-ul) \u0219i public\u0103 aici texte, imagini \u0219i alte materiale care au fost livrate de Carambas sau ter\u021bi. Prin aceasta Carambas \u00ee\u0219i rezerv\u0103 dreptul de a modifica \u00een orice moment con\u021binutul sau de a \u00eendep\u0103rta p\u0103r\u021bi ale acestuia f\u0103r\u0103 a trebui s\u0103 anun\u021be aceasta.<\/p>\n<p>Informa\u021biile de pe site sunt menite a fi op\u021bionale \u0219i nu o ofert\u0103 concret\u0103 pentru \u00eencheierea unui contract. Contractele se \u00eencheie numai la acceptarea unei oferte astfel indicat\u0103 de c\u0103tre Carambas.<\/p>\n<p>Dac\u0103 nu s-a convenit altfel \u00een scris, la toate actele legale \u00eencheiate de noi se aplic\u0103 Condi\u021biile noastre Generale. Acestea sunt puse la dispozi\u021bie pe site-ul nostru \u0219i sunt depuse la Camera de Comer\u021b sub num\u0103rul 55952240. La cerere, vi se va trimite un exemplar gratuit. Aplicabilitatea eventualelor condi\u021bii de cump\u0103rare sau altele at\u00e2t ale clientului, c\u00e2t \u0219i a ter\u021bilor, este \u0219i ea exclusiv respins\u0103. Dreptul olandez este aplicabil exclusiv.<\/p>\n<p>Carambas nu \u00ee\u0219i asum\u0103 nicio responsabilitate pentru transmiterea incorect\u0103, incomplet\u0103 sau \u00eent\u00e2rziat\u0103 a con\u021binutului unui mesaj e-mail, \u0219i nici pentru eventuali viru\u0219i transmi\u0219i de aceasta. Informa\u021biile din mesajele noastre e-mail sunt confiden\u021biale \u0219i sunt menite exclusiv pentru destinatar. Dac\u0103 primi\u021bi din gre\u0219eal\u0103 un mesaj, v\u0103 rug\u0103m s\u0103 nu utiliza\u021bi con\u021binutul acestuia \u0219i s\u0103 informa\u021bi expeditorul imediat prin a returna mesajul. OBSERVATIE: Ata\u0219amentele f\u0103r\u0103 un destinatar clar NU vor fi deschise!<\/p>\n<p>&nbsp;<\/p>\n<p><strong>R\u0103spundere limitat\u0103<\/strong><\/p>\n<p>Carambas acord\u0103 o aten\u021bie constant\u0103 alc\u0103tuirii site-ului. Cu toate acestea, este posibil ca informa\u021biile publicate pe acest site s\u0103 fie insuficiente sau incorecte. Materialele oferite pe site\u00a0 sunt oferite f\u0103r\u0103 niciun fel de garan\u021bie sau r\u0103spundere referitoare la acurate\u021be. Aceste materiale pot s\u0103 se schimbe \u00een orice moment f\u0103r\u0103 un mesaj anterior din partea Carambas. Complet\u0103rile \u0219i modific\u0103rile de pe site pot fi f\u0103cute mereu cu \u00eencepere imediat\u0103 \u0219i f\u0103r\u0103 a fi notificate. Carambas nu poate fi tras\u0103 la r\u0103spundere pentru modific\u0103rile f\u0103cute. Carambas nu poate asigura c\u0103 informa\u021biile de pe site-ul s\u0103u sunt potrivite scopului pentru care acestea sunt consultate de c\u0103tre dumneavoastr\u0103. Toate iinforma\u021biile v\u0103 sunt oferite \u00een starea \u00een care se afl\u0103 ele de fapt \u0219i f\u0103r\u0103 nicio garan\u021bie (implicit\u0103) sau garantare \u00een ce prive\u0219te valabilitatea \u0219i adecvarea pentru un anumit scop sau \u00een alt mod. Carambas exclude orice r\u0103spundere referitoare la orice daun\u0103 direct\u0103 sau indirect\u0103, de orice fel, care rezult\u0103 din sau are vreo leg\u0103tur\u0103 cu utilizarea site-ului Carambas. \u00cen special toate pre\u021burile de pe site sunt supuse erorilor de scriere \u0219i programare. Nu se accept\u0103 nicio r\u0103spundere pentru urm\u0103rile unor astfel de gre\u0219eli. Nu se semneaz\u0103 niciun contract \u00een baza unor astfel de erori.<\/p>\n<p>&nbsp;<\/p>\n<p>&nbsp;<\/p>\n<p><strong>Drepturi de autor<\/strong><\/p>\n<p>Site-ul \u0219i toate componentele sale sunt proprietatea Carambas. Toate drepturile de proprietate intelectual\u0103 cu privire la aceste materiale sunt de\u021binute de Carambas. F\u0103r\u0103 acordul scris al Carambas nu pute\u021bi s\u0103 publica\u021bi sau multiplica\u021bi niciunul din documentele protejate cu dreptul de autor sau alte informa\u021bii dec\u00e2t dac\u0103 \u0219i numai \u00een m\u0103sura \u00een care se stabile\u0219te altfel \u00een regulamentele dispozi\u021biilor legal imperative (precum dreptul cit\u0103rii), cu condi\u021bia s\u0103 fie indicat altfel \u00een cazul unor materiale specifice.<\/p>\n<p>&nbsp;<\/p>\n<p><strong>Diverse<\/strong><\/p>\n<p>Prezenta declinare a responsabilit\u0103\u021bii poate fi modificat\u0103 din c\u00e2nd \u00een c\u00e2nd.<\/p>\n<p>[\/et_pb_text][\/et_pb_column][\/et_pb_row][\/et_pb_section][et_pb_section fb_built=&#8221;1&#8243; module_id=&#8221;contact&#8221; module_class=&#8221;footerblok&#8221; _builder_version=&#8221;3.22&#8243; background_color=&#8221;#242424&#8243; custom_padding=&#8221;40px|0|0|0|false|false&#8221;][et_pb_row column_structure=&#8221;1_3,1_3,1_3&#8243; _builder_version=&#8221;3.25&#8243; custom_padding=&#8221;0|0px|0|0px|false|false&#8221;][et_pb_column type=&#8221;1_3&#8243; module_class=&#8221;footerblok1&#8243; _builder_version=&#8221;3.25&#8243; custom_padding=&#8221;|30px||&#8221; custom_padding_tablet=&#8221;|0px||&#8221; custom_padding_phone=&#8221;&#8221; custom_padding_last_edited=&#8221;on|phone&#8221; custom_padding__hover=&#8221;|||&#8221;][et_pb_text disabled_on=&#8221;off|off|off&#8221; _builder_version=&#8221;4.0.7&#8243; text_font=&#8221;||||||||&#8221; text_text_color=&#8221;#ffffff&#8221; header_font=&#8221;||||||||&#8221; header_5_font=&#8221;|||on|||||&#8221; header_5_text_color=&#8221;#929292&#8243;]<\/p>\n<h5 style=\"text-align: right;\">Orar<\/h5>\n<p style=\"text-align: right;\">Luni \u2013 Vineri<br \/> 09:00 &#8211; 17.00<\/p>\n<p style=\"text-align: right;\">S\u00e2mb\u0103t\u0103 \/ Duminic\u0103<br \/> \u00eenchis<\/p>\n<p>[\/et_pb_text][et_pb_button button_url=&#8221;https:\/\/www.google.com\/maps\/dir\/\/Kelvinstraat+14,+7575+AS+Oldenzaal\/&#8221; url_new_window=&#8221;on&#8221; button_text=&#8221;ROUTE&#8221; button_alignment=&#8221;right&#8221; module_class=&#8221;routeknop&#8221; _builder_version=&#8221;3.19.18&#8243; custom_button=&#8221;on&#8221; button_text_size=&#8221;12px&#8221; button_text_color=&#8221;#ffffff&#8221; button_border_color=&#8221;#ffffff&#8221; button_border_radius=&#8221;0px&#8221; button_font=&#8221;||||||||&#8221; button_icon=&#8221;%%124%%&#8221; button_icon_color=&#8221;#ffffff&#8221; button_icon_placement=&#8221;left&#8221; button_on_hover=&#8221;off&#8221; custom_margin=&#8221;15px||&#8221; custom_padding=&#8221;8px|20px|8px|35px&#8221; button_text_color__hover_enabled=&#8221;on&#8221; button_text_color__hover=&#8221;#000000&#8243; button_bg_color__hover_enabled=&#8221;on&#8221; button_bg_color__hover=&#8221;#ffffff&#8221; button_icon_color__hover_enabled=&#8221;on&#8221; button_icon_color__hover=&#8221;#000000&#8243;][\/et_pb_button][\/et_pb_column][et_pb_column type=&#8221;1_3&#8243; module_class=&#8221;footerblok2&#8243; _builder_version=&#8221;3.25&#8243; custom_padding=&#8221;|15px||15px&#8221; custom_padding_tablet=&#8221;|0px||0px&#8221; custom_padding_phone=&#8221;|0px||0px&#8221; custom_padding_last_edited=&#8221;on|tablet&#8221; custom_padding__hover=&#8221;|||&#8221;][et_pb_image src=&#8221;https:\/\/carambas.eu\/wp-content\/uploads\/2019\/03\/Logo_Wit.png&#8221; align=&#8221;center&#8221; _builder_version=&#8221;3.23&#8243; max_width=&#8221;64%&#8221; custom_margin=&#8221;-10px||&#8221; custom_margin_tablet=&#8221;20px||&#8221; custom_margin_phone=&#8221;20px||&#8221; custom_margin_last_edited=&#8221;on|tablet&#8221; always_center_on_mobile=&#8221;off&#8221;][\/et_pb_image][et_pb_text _builder_version=&#8221;3.27.4&#8243; text_font=&#8221;||||||||&#8221; text_text_color=&#8221;#ffffff&#8221; custom_margin=&#8221;9px||&#8221;]<\/p>\n<p style=\"text-align: center;\"><i class=\"fas fa-map-marker-alt\"><\/i>\u00a0 Kelvinstraat 14<br \/> 7575 AS,<br \/> Oldenzaal (NL)<br \/> <i class=\"fas fa-phone\"><\/i> <a href=\"tel:+31(0)541-217100\" style=\"color: white;\"> \u00a0+31 (0)541 &#8211; 2171 00<\/a><br \/> <i class=\"fas fa-envelope\"><\/i> \u00a0<a href=\"mailto:info@carambas.eu\" style=\"color: white;\">info@carambas.eu<\/a><\/p>\n<p>[\/et_pb_text][\/et_pb_column][et_pb_column type=&#8221;1_3&#8243; module_class=&#8221;footerblok3&#8243; _builder_version=&#8221;3.25&#8243; custom_padding=&#8221;|||30px&#8221; custom_padding_tablet=&#8221;|||0px&#8221; custom_padding_phone=&#8221;&#8221; custom_padding_last_edited=&#8221;on|phone&#8221; custom_padding__hover=&#8221;|||&#8221;][et_pb_text _builder_version=&#8221;3.27.4&#8243; text_font=&#8221;||||||||&#8221; text_text_color=&#8221;#ffffff&#8221; header_font=&#8221;||||||||&#8221; header_5_font=&#8221;|||on|||||&#8221; header_5_text_color=&#8221;#929292&#8243;]<\/p>\n<h5 style=\"text-align: left;\">Sociale Media<\/h5>\n<p style=\"text-align: left;\"><a href=\"https:\/\/www.facebook.com\/carambas2019\/\" target=\"blank\" rel=\"noopener noreferrer\"> <i class=\"fab fa-facebook\" style=\"color: white; font-size: 25px;\"><\/i> <\/a>\u00a0 <a href=\"https:\/\/www.linkedin.com\/company\/carambas-your-car-company\/about\/\" target=\"_blank\" rel=\"noopener noreferrer\"> <i class=\"fab fa-linkedin\" style=\"color: white; font-size: 25px;\"><\/i> <\/a><\/p>\n<p><i class=\"fab fa-whatsapp\" style=\"color:white;\" > <\/i> <strong> Aram de Jong: <\/strong><br \/>\n&nbsp;<a href=\"tel:+31 6 22112015\" style=\"color:white;\"> \u00a0 +31 6 22112015 <\/a><\/p>\n<p><i class=\"fab fa-whatsapp\" style=\"color:white;\" > <\/i> <strong> Bas Vos: <\/strong><br \/>\n&nbsp;<a href=\"tel:+31 6 28110790\" style=\"color:white;\"> \u00a0 +31 6 28110790 <\/a>[\/et_pb_text][\/et_pb_column][\/et_pb_row][et_pb_row module_class=&#8221;footer et_pb_row_fullwidth&#8221; _builder_version=&#8221;3.25&#8243; background_color=&#8221;#000000&#8243; width=&#8221;100%&#8221; width_tablet=&#8221;100%&#8221; width_phone=&#8221;&#8221; width_last_edited=&#8221;on|desktop&#8221; max_width=&#8221;100%&#8221; max_width_tablet=&#8221;100%&#8221; max_width_phone=&#8221;&#8221; max_width_last_edited=&#8221;on|desktop&#8221; custom_margin=&#8221;35px||&#8221; custom_padding=&#8221;25px|63px|25px|63px|false|false&#8221; make_fullwidth=&#8221;on&#8221;][et_pb_column type=&#8221;4_4&#8243; _builder_version=&#8221;3.25&#8243; custom_padding=&#8221;|||&#8221; custom_padding__hover=&#8221;|||&#8221;][et_pb_text _builder_version=&#8221;4.0.7&#8243; text_font=&#8221;||||||||&#8221; hover_enabled=&#8221;0&#8243;]<\/p>\n<div class=\"paginas\"> <a href=\"https:\/\/carambas.eu\/ro\"> Home <\/a> | <a href=\"https:\/\/carambas.eu\/ro\/conditii-generale\/\"> Condi\u021bii generale <\/a> | <a href=\"https:\/\/carambas.eu\/ro\/disclaimer\/\"> Declinarea responsabilit\u0103\u021bii<\/a> | <a href=\"https:\/\/carambas.eu\/ro\/privacyverklaring\/\"> Declara\u021bia pentru protec\u021bia datelor personale<\/a> | <a href=\"https:\/\/carambas.eu\/ro\/cookiebeleid\/\"> Politica referitoare la cookie-uri<\/a> <\/div>\n<div class=\"realisatie\">\nRealizare: <a href=\"https:\/\/www.vindingrijck.nl\/\" target=\"_blank\" rel=\"noopener noreferrer\"> Vindingrijck <\/a> <\/div>\n<p>[\/et_pb_text][\/et_pb_column][\/et_pb_row][\/et_pb_section]<\/p>\n","protected":false},"excerpt":{"rendered":"<p>\u00cenapoi la pagina principal\u0103 Declinarea responsabilit\u0103\u021bii Carambas (Camera de Comer\u021b 73461164), denumit\u0103 \u00een continuare Carambas, v\u0103 acord\u0103 prin prezenta acces la Carambas.eu (site-ul) \u0219i public\u0103 aici texte, imagini \u0219i alte materiale care au fost livrate de Carambas sau ter\u021bi. Prin aceasta Carambas \u00ee\u0219i rezerv\u0103 dreptul de a modifica \u00een orice moment con\u021binutul sau de a [&hellip;]<\/p>\n","protected":false},"author":1,"featured_media":0,"parent":0,"menu_order":0,"comment_status":"closed","ping_status":"closed","template":"","meta":{"_et_pb_use_builder":"on","_et_pb_old_content":"","_et_gb_content_width":"","footnotes":""},"class_list":["post-1242","page","type-page","status-publish","hentry"],"yoast_head":"<!-- This site is optimized with the Yoast SEO plugin v27.4 - https:\/\/yoast.com\/product\/yoast-seo-wordpress\/ -->\n<title>Declinarea responsabilit\u0103\u021bii - Carambas<\/title>\n<meta name=\"robots\" content=\"index, follow, max-snippet:-1, max-image-preview:large, max-video-preview:-1\" \/>\n<link rel=\"canonical\" href=\"https:\/\/carambas.eu\/ro\/declinarea-responsabilitatii\/\" \/>\n<meta property=\"og:locale\" content=\"ro_RO\" \/>\n<meta property=\"og:type\" content=\"article\" \/>\n<meta property=\"og:title\" content=\"Declinarea responsabilit\u0103\u021bii - Carambas\" \/>\n<meta property=\"og:description\" content=\"\u00cenapoi la pagina principal\u0103 Declinarea responsabilit\u0103\u021bii Carambas (Camera de Comer\u021b 73461164), denumit\u0103 \u00een continuare Carambas, v\u0103 acord\u0103 prin prezenta acces la Carambas.eu (site-ul) \u0219i public\u0103 aici texte, imagini \u0219i alte materiale care au fost livrate de Carambas sau ter\u021bi. Prin aceasta Carambas \u00ee\u0219i rezerv\u0103 dreptul de a modifica \u00een orice moment con\u021binutul sau de a [&hellip;]\" \/>\n<meta property=\"og:url\" content=\"https:\/\/carambas.eu\/ro\/declinarea-responsabilitatii\/\" \/>\n<meta property=\"og:site_name\" content=\"Carambas\" \/>\n<meta property=\"article:modified_time\" content=\"2019-12-06T13:17:13+00:00\" \/>\n<meta name=\"twitter:card\" content=\"summary_large_image\" \/>\n<meta name=\"twitter:label1\" content=\"Timp estimat pentru citire\" \/>\n\t<meta name=\"twitter:data1\" content=\"6 minute\" \/>\n<script type=\"application\/ld+json\" class=\"yoast-schema-graph\">{\"@context\":\"https:\\\/\\\/schema.org\",\"@graph\":[{\"@type\":\"WebPage\",\"@id\":\"https:\\\/\\\/carambas.eu\\\/ro\\\/declinarea-responsabilitatii\\\/\",\"url\":\"https:\\\/\\\/carambas.eu\\\/ro\\\/declinarea-responsabilitatii\\\/\",\"name\":\"Declinarea responsabilit\u0103\u021bii - Carambas\",\"isPartOf\":{\"@id\":\"https:\\\/\\\/carambas.eu\\\/#website\"},\"datePublished\":\"2019-03-20T11:26:07+00:00\",\"dateModified\":\"2019-12-06T13:17:13+00:00\",\"breadcrumb\":{\"@id\":\"https:\\\/\\\/carambas.eu\\\/ro\\\/declinarea-responsabilitatii\\\/#breadcrumb\"},\"inLanguage\":\"ro-RO\",\"potentialAction\":[{\"@type\":\"ReadAction\",\"target\":[\"https:\\\/\\\/carambas.eu\\\/ro\\\/declinarea-responsabilitatii\\\/\"]}]},{\"@type\":\"BreadcrumbList\",\"@id\":\"https:\\\/\\\/carambas.eu\\\/ro\\\/declinarea-responsabilitatii\\\/#breadcrumb\",\"itemListElement\":[{\"@type\":\"ListItem\",\"position\":1,\"name\":\"Home\",\"item\":\"https:\\\/\\\/carambas.eu\\\/ro\\\/homepagina\\\/\"},{\"@type\":\"ListItem\",\"position\":2,\"name\":\"Declinarea responsabilit\u0103\u021bii\"}]},{\"@type\":\"WebSite\",\"@id\":\"https:\\\/\\\/carambas.eu\\\/#website\",\"url\":\"https:\\\/\\\/carambas.eu\\\/\",\"name\":\"Carambas\",\"description\":\"Your Car Company\",\"potentialAction\":[{\"@type\":\"SearchAction\",\"target\":{\"@type\":\"EntryPoint\",\"urlTemplate\":\"https:\\\/\\\/carambas.eu\\\/?s={search_term_string}\"},\"query-input\":{\"@type\":\"PropertyValueSpecification\",\"valueRequired\":true,\"valueName\":\"search_term_string\"}}],\"inLanguage\":\"ro-RO\"}]}<\/script>\n<!-- \/ Yoast SEO plugin. -->","yoast_head_json":{"title":"Declinarea responsabilit\u0103\u021bii - Carambas","robots":{"index":"index","follow":"follow","max-snippet":"max-snippet:-1","max-image-preview":"max-image-preview:large","max-video-preview":"max-video-preview:-1"},"canonical":"https:\/\/carambas.eu\/ro\/declinarea-responsabilitatii\/","og_locale":"ro_RO","og_type":"article","og_title":"Declinarea responsabilit\u0103\u021bii - Carambas","og_description":"\u00cenapoi la pagina principal\u0103 Declinarea responsabilit\u0103\u021bii Carambas (Camera de Comer\u021b 73461164), denumit\u0103 \u00een continuare Carambas, v\u0103 acord\u0103 prin prezenta acces la Carambas.eu (site-ul) \u0219i public\u0103 aici texte, imagini \u0219i alte materiale care au fost livrate de Carambas sau ter\u021bi. Prin aceasta Carambas \u00ee\u0219i rezerv\u0103 dreptul de a modifica \u00een orice moment con\u021binutul sau de a [&hellip;]","og_url":"https:\/\/carambas.eu\/ro\/declinarea-responsabilitatii\/","og_site_name":"Carambas","article_modified_time":"2019-12-06T13:17:13+00:00","twitter_card":"summary_large_image","twitter_misc":{"Timp estimat pentru citire":"6 minute"},"schema":{"@context":"https:\/\/schema.org","@graph":[{"@type":"WebPage","@id":"https:\/\/carambas.eu\/ro\/declinarea-responsabilitatii\/","url":"https:\/\/carambas.eu\/ro\/declinarea-responsabilitatii\/","name":"Declinarea responsabilit\u0103\u021bii - Carambas","isPartOf":{"@id":"https:\/\/carambas.eu\/#website"},"datePublished":"2019-03-20T11:26:07+00:00","dateModified":"2019-12-06T13:17:13+00:00","breadcrumb":{"@id":"https:\/\/carambas.eu\/ro\/declinarea-responsabilitatii\/#breadcrumb"},"inLanguage":"ro-RO","potentialAction":[{"@type":"ReadAction","target":["https:\/\/carambas.eu\/ro\/declinarea-responsabilitatii\/"]}]},{"@type":"BreadcrumbList","@id":"https:\/\/carambas.eu\/ro\/declinarea-responsabilitatii\/#breadcrumb","itemListElement":[{"@type":"ListItem","position":1,"name":"Home","item":"https:\/\/carambas.eu\/ro\/homepagina\/"},{"@type":"ListItem","position":2,"name":"Declinarea responsabilit\u0103\u021bii"}]},{"@type":"WebSite","@id":"https:\/\/carambas.eu\/#website","url":"https:\/\/carambas.eu\/","name":"Carambas","description":"Your Car Company","potentialAction":[{"@type":"SearchAction","target":{"@type":"EntryPoint","urlTemplate":"https:\/\/carambas.eu\/?s={search_term_string}"},"query-input":{"@type":"PropertyValueSpecification","valueRequired":true,"valueName":"search_term_string"}}],"inLanguage":"ro-RO"}]}},"_links":{"self":[{"href":"https:\/\/carambas.eu\/ro\/wp-json\/wp\/v2\/pages\/1242","targetHints":{"allow":["GET"]}}],"collection":[{"href":"https:\/\/carambas.eu\/ro\/wp-json\/wp\/v2\/pages"}],"about":[{"href":"https:\/\/carambas.eu\/ro\/wp-json\/wp\/v2\/types\/page"}],"author":[{"embeddable":true,"href":"https:\/\/carambas.eu\/ro\/wp-json\/wp\/v2\/users\/1"}],"replies":[{"embeddable":true,"href":"https:\/\/carambas.eu\/ro\/wp-json\/wp\/v2\/comments?post=1242"}],"version-history":[{"count":4,"href":"https:\/\/carambas.eu\/ro\/wp-json\/wp\/v2\/pages\/1242\/revisions"}],"predecessor-version":[{"id":1260,"href":"https:\/\/carambas.eu\/ro\/wp-json\/wp\/v2\/pages\/1242\/revisions\/1260"}],"wp:attachment":[{"href":"https:\/\/carambas.eu\/ro\/wp-json\/wp\/v2\/media?parent=1242"}],"curies":[{"name":"wp","href":"https:\/\/api.w.org\/{rel}","templated":true}]}}