{"id":1208,"date":"2019-03-18T11:15:04","date_gmt":"2019-03-18T11:15:04","guid":{"rendered":"https:\/\/www.carambas.eu\/algemene-voorwaarden\/"},"modified":"2019-12-06T13:16:01","modified_gmt":"2019-12-06T13:16:01","slug":"conditii-generale","status":"publish","type":"page","link":"https:\/\/carambas.eu\/ro\/conditii-generale\/","title":{"rendered":"Condi\u021bii generale"},"content":{"rendered":"<p>[et_pb_section fb_built=&#8221;1&#8243; admin_label=&#8221;404&#8243; _builder_version=&#8221;3.22&#8243; background_color=&#8221;#ffffff&#8221; custom_margin=&#8221;-110px||&#8221;][et_pb_row _builder_version=&#8221;3.25&#8243; custom_margin=&#8221;-85px||&#8221;][et_pb_column type=&#8221;4_4&#8243; _builder_version=&#8221;3.25&#8243; custom_padding=&#8221;|||&#8221; custom_padding__hover=&#8221;|||&#8221;][et_pb_text _builder_version=&#8221;4.0.7&#8243; header_font=&#8221;||||||||&#8221; header_2_font=&#8221;|800|on||||||&#8221; header_2_font_size=&#8221;30px&#8221; custom_margin=&#8221;10px||450px&#8221; custom_margin_tablet=&#8221;130px||250px&#8221; custom_margin_phone=&#8221;||200px&#8221; custom_margin_last_edited=&#8221;on|phone&#8221;]<a href=\"https:\/\/carambas.eu\/ro\" style=\"font-size:14px;\"> <i class=\"far fa-arrow-alt-circle-left\"><\/i> \u00cenapoi la pagina principal\u0103<\/a><\/p>\n<h2 style=\"padding-top:30px;\">Condi\u021bii generale<\/h2>\n<p>Contacta\u021bi-ne pentru condi\u021bii.[\/et_pb_text][\/et_pb_column][\/et_pb_row][\/et_pb_section][et_pb_section fb_built=&#8221;1&#8243; module_id=&#8221;contact&#8221; module_class=&#8221;footerblok&#8221; _builder_version=&#8221;3.22&#8243; background_color=&#8221;#242424&#8243; custom_padding=&#8221;40px|0|0|0|false|false&#8221; saved_tabs=&#8221;all&#8221;][et_pb_row column_structure=&#8221;1_3,1_3,1_3&#8243; _builder_version=&#8221;3.25&#8243; custom_padding=&#8221;0|0px|0|0px|false|false&#8221;][et_pb_column type=&#8221;1_3&#8243; module_class=&#8221;footerblok1&#8243; _builder_version=&#8221;3.25&#8243; custom_padding=&#8221;|30px||&#8221; custom_padding_tablet=&#8221;|0px||&#8221; custom_padding_phone=&#8221;&#8221; custom_padding_last_edited=&#8221;on|phone&#8221; custom_padding__hover=&#8221;|||&#8221;][et_pb_text disabled_on=&#8221;off|off|off&#8221; _builder_version=&#8221;4.0.7&#8243; text_font=&#8221;||||||||&#8221; text_text_color=&#8221;#ffffff&#8221; header_font=&#8221;||||||||&#8221; header_5_font=&#8221;|||on|||||&#8221; header_5_text_color=&#8221;#929292&#8243;]<\/p>\n<h5 style=\"text-align: right;\">Orar<\/h5>\n<p style=\"text-align: right;\">Luni \u2013 Vineri<br \/> 09:00 &#8211; 17.00<\/p>\n<p style=\"text-align: right;\">S\u00e2mb\u0103t\u0103 \/ Duminic\u0103<br \/> \u00eenchis<\/p>\n<p>[\/et_pb_text][et_pb_button button_url=&#8221;https:\/\/www.google.com\/maps\/dir\/\/Kelvinstraat+14,+7575+AS+Oldenzaal\/&#8221; url_new_window=&#8221;on&#8221; button_text=&#8221;ROUTE&#8221; button_alignment=&#8221;right&#8221; module_class=&#8221;routeknop&#8221; _builder_version=&#8221;3.19.18&#8243; custom_button=&#8221;on&#8221; button_text_size=&#8221;12px&#8221; button_text_color=&#8221;#ffffff&#8221; button_border_color=&#8221;#ffffff&#8221; button_border_radius=&#8221;0px&#8221; button_font=&#8221;||||||||&#8221; button_icon=&#8221;%%124%%&#8221; button_icon_color=&#8221;#ffffff&#8221; button_icon_placement=&#8221;left&#8221; button_on_hover=&#8221;off&#8221; custom_margin=&#8221;15px||&#8221; custom_padding=&#8221;8px|20px|8px|35px&#8221; button_text_color__hover_enabled=&#8221;on&#8221; button_text_color__hover=&#8221;#000000&#8243; button_bg_color__hover_enabled=&#8221;on&#8221; button_bg_color__hover=&#8221;#ffffff&#8221; button_icon_color__hover_enabled=&#8221;on&#8221; button_icon_color__hover=&#8221;#000000&#8243;][\/et_pb_button][\/et_pb_column][et_pb_column type=&#8221;1_3&#8243; module_class=&#8221;footerblok2&#8243; _builder_version=&#8221;3.25&#8243; custom_padding=&#8221;|15px||15px&#8221; custom_padding_tablet=&#8221;|0px||0px&#8221; custom_padding_phone=&#8221;|0px||0px&#8221; custom_padding_last_edited=&#8221;on|tablet&#8221; custom_padding__hover=&#8221;|||&#8221;][et_pb_image src=&#8221;https:\/\/carambas.eu\/wp-content\/uploads\/2019\/03\/Logo_Wit.png&#8221; align=&#8221;center&#8221; _builder_version=&#8221;3.23&#8243; max_width=&#8221;64%&#8221; custom_margin=&#8221;-10px||&#8221; custom_margin_tablet=&#8221;20px||&#8221; custom_margin_phone=&#8221;20px||&#8221; custom_margin_last_edited=&#8221;on|tablet&#8221; always_center_on_mobile=&#8221;off&#8221;][\/et_pb_image][et_pb_text _builder_version=&#8221;3.27.4&#8243; text_font=&#8221;||||||||&#8221; text_text_color=&#8221;#ffffff&#8221; custom_margin=&#8221;9px||&#8221;]<\/p>\n<p style=\"text-align: center;\"><i class=\"fas fa-map-marker-alt\"><\/i>\u00a0 Kelvinstraat 14<br \/> 7575 AS,<br \/> Oldenzaal (NL)<br \/> <i class=\"fas fa-phone\"><\/i> <a href=\"tel:+31(0)541-217100\" style=\"color: white;\"> \u00a0+31 (0)541 &#8211; 2171 00<\/a><br \/> <i class=\"fas fa-envelope\"><\/i> \u00a0<a href=\"mailto:info@carambas.eu\" style=\"color: white;\">info@carambas.eu<\/a><\/p>\n<p>[\/et_pb_text][\/et_pb_column][et_pb_column type=&#8221;1_3&#8243; module_class=&#8221;footerblok3&#8243; _builder_version=&#8221;3.25&#8243; custom_padding=&#8221;|||30px&#8221; custom_padding_tablet=&#8221;|||0px&#8221; custom_padding_phone=&#8221;&#8221; custom_padding_last_edited=&#8221;on|phone&#8221; custom_padding__hover=&#8221;|||&#8221;][et_pb_text _builder_version=&#8221;3.27.4&#8243; text_font=&#8221;||||||||&#8221; text_text_color=&#8221;#ffffff&#8221; header_font=&#8221;||||||||&#8221; header_5_font=&#8221;|||on|||||&#8221; header_5_text_color=&#8221;#929292&#8243;]<\/p>\n<h5 style=\"text-align: left;\">Sociale Media<\/h5>\n<p style=\"text-align: left;\"><a href=\"https:\/\/www.facebook.com\/carambas2019\/\" target=\"blank\" rel=\"noopener noreferrer\"> <i class=\"fab fa-facebook\" style=\"color: white; font-size: 25px;\"><\/i> <\/a>\u00a0 <a href=\"https:\/\/www.linkedin.com\/company\/carambas-your-car-company\/about\/\" target=\"_blank\" rel=\"noopener noreferrer\"> <i class=\"fab fa-linkedin\" style=\"color: white; font-size: 25px;\"><\/i> <\/a><\/p>\n<p><i class=\"fab fa-whatsapp\" style=\"color:white;\" > <\/i> <strong> Aram de Jong: <\/strong><br \/>\n&nbsp;<a href=\"tel:+31 6 22112015\" style=\"color:white;\"> \u00a0 +31 6 22112015 <\/a><\/p>\n<p><i class=\"fab fa-whatsapp\" style=\"color:white;\" > <\/i> <strong> Bas Vos: <\/strong><br \/>\n&nbsp;<a href=\"tel:+31 6 28110790\" style=\"color:white;\"> \u00a0 +31 6 28110790 <\/a>[\/et_pb_text][\/et_pb_column][\/et_pb_row][et_pb_row custom_padding_last_edited=&#8221;on|tablet&#8221; module_class=&#8221;footer et_pb_row_fullwidth&#8221; _builder_version=&#8221;3.25&#8243; background_color=&#8221;#000000&#8243; width=&#8221;100%&#8221; width_tablet=&#8221;100%&#8221; width_phone=&#8221;&#8221; width_last_edited=&#8221;on|desktop&#8221; max_width=&#8221;100%&#8221; max_width_tablet=&#8221;100%&#8221; max_width_phone=&#8221;&#8221; max_width_last_edited=&#8221;on|desktop&#8221; custom_margin=&#8221;35px||&#8221; custom_padding=&#8221;25px|63px|25px|63px|false|false&#8221; custom_padding_tablet=&#8221;|50px||50px||true&#8221; custom_padding_phone=&#8221;&#8221; make_fullwidth=&#8221;on&#8221;][et_pb_column type=&#8221;4_4&#8243; _builder_version=&#8221;3.25&#8243; custom_padding=&#8221;|||&#8221; custom_padding__hover=&#8221;|||&#8221;][et_pb_text _builder_version=&#8221;4.0.7&#8243; text_font=&#8221;||||||||&#8221; hover_enabled=&#8221;0&#8243;]<\/p>\n<div class=\"paginas\"> <a href=\"https:\/\/carambas.eu\/ro\"> Home <\/a> | <a href=\"https:\/\/carambas.eu\/ro\/conditii-generale\/\"> Condi\u021bii generale <\/a> | <a href=\"https:\/\/carambas.eu\/ro\/disclaimer\/\"> Declinarea responsabilit\u0103\u021bii<\/a> | <a href=\"https:\/\/carambas.eu\/ro\/privacyverklaring\/\"> Declara\u021bia pentru protec\u021bia datelor personale<\/a> | <a href=\"https:\/\/carambas.eu\/ro\/cookiebeleid\/\"> Politica referitoare la cookie-uri<\/a> <\/div>\n<div class=\"realisatie\">\nRealizare: <a href=\"https:\/\/www.vindingrijck.nl\/\" target=\"_blank\" rel=\"noopener noreferrer\"> Vindingrijck <\/a> <\/div>\n<p>[\/et_pb_text][\/et_pb_column][\/et_pb_row][\/et_pb_section]<\/p>\n","protected":false},"excerpt":{"rendered":"<p>\u00cenapoi la pagina principal\u0103 Condi\u021bii generale Contacta\u021bi-ne pentru condi\u021bii.Orar Luni \u2013 Vineri 09:00 &#8211; 17.00 S\u00e2mb\u0103t\u0103 \/ Duminic\u0103 \u00eenchis\u00a0 Kelvinstraat 14 7575 AS, Oldenzaal (NL) \u00a0+31 (0)541 &#8211; 2171 00 \u00a0info@carambas.euSociale Media \u00a0 Aram de Jong: &nbsp; \u00a0 +31 6 22112015 Bas Vos: &nbsp; \u00a0 +31 6 28110790 Home | Condi\u021bii generale | Declinarea responsabilit\u0103\u021bii [&hellip;]<\/p>\n","protected":false},"author":1,"featured_media":0,"parent":0,"menu_order":0,"comment_status":"closed","ping_status":"closed","template":"","meta":{"_et_pb_use_builder":"on","_et_pb_old_content":"","_et_gb_content_width":"","footnotes":""},"class_list":["post-1208","page","type-page","status-publish","hentry"],"yoast_head":"<!-- This site is optimized with the Yoast SEO plugin v27.4 - https:\/\/yoast.com\/product\/yoast-seo-wordpress\/ -->\n<title>Condi\u021bii generale - Carambas<\/title>\n<meta name=\"robots\" content=\"index, follow, max-snippet:-1, max-image-preview:large, max-video-preview:-1\" \/>\n<link rel=\"canonical\" href=\"https:\/\/carambas.eu\/ro\/conditii-generale\/\" \/>\n<meta property=\"og:locale\" content=\"ro_RO\" \/>\n<meta property=\"og:type\" content=\"article\" \/>\n<meta property=\"og:title\" content=\"Condi\u021bii generale - Carambas\" \/>\n<meta property=\"og:description\" content=\"\u00cenapoi la pagina principal\u0103 Condi\u021bii generale Contacta\u021bi-ne pentru condi\u021bii.Orar Luni \u2013 Vineri 09:00 - 17.00 S\u00e2mb\u0103t\u0103 \/ Duminic\u0103 \u00eenchis\u00a0 Kelvinstraat 14 7575 AS, Oldenzaal (NL) \u00a0+31 (0)541 - 2171 00 \u00a0info@carambas.euSociale Media \u00a0 Aram de Jong: &nbsp; \u00a0 +31 6 22112015 Bas Vos: &nbsp; \u00a0 +31 6 28110790 Home | Condi\u021bii generale | Declinarea responsabilit\u0103\u021bii [&hellip;]\" \/>\n<meta property=\"og:url\" content=\"https:\/\/carambas.eu\/ro\/conditii-generale\/\" \/>\n<meta property=\"og:site_name\" content=\"Carambas\" \/>\n<meta property=\"article:modified_time\" content=\"2019-12-06T13:16:01+00:00\" \/>\n<meta name=\"twitter:card\" content=\"summary_large_image\" \/>\n<meta name=\"twitter:label1\" content=\"Timp estimat pentru citire\" \/>\n\t<meta name=\"twitter:data1\" content=\"3 minute\" \/>\n<script type=\"application\/ld+json\" class=\"yoast-schema-graph\">{\"@context\":\"https:\\\/\\\/schema.org\",\"@graph\":[{\"@type\":\"WebPage\",\"@id\":\"https:\\\/\\\/carambas.eu\\\/ro\\\/conditii-generale\\\/\",\"url\":\"https:\\\/\\\/carambas.eu\\\/ro\\\/conditii-generale\\\/\",\"name\":\"Condi\u021bii generale - Carambas\",\"isPartOf\":{\"@id\":\"https:\\\/\\\/carambas.eu\\\/#website\"},\"datePublished\":\"2019-03-18T11:15:04+00:00\",\"dateModified\":\"2019-12-06T13:16:01+00:00\",\"breadcrumb\":{\"@id\":\"https:\\\/\\\/carambas.eu\\\/ro\\\/conditii-generale\\\/#breadcrumb\"},\"inLanguage\":\"ro-RO\",\"potentialAction\":[{\"@type\":\"ReadAction\",\"target\":[\"https:\\\/\\\/carambas.eu\\\/ro\\\/conditii-generale\\\/\"]}]},{\"@type\":\"BreadcrumbList\",\"@id\":\"https:\\\/\\\/carambas.eu\\\/ro\\\/conditii-generale\\\/#breadcrumb\",\"itemListElement\":[{\"@type\":\"ListItem\",\"position\":1,\"name\":\"Home\",\"item\":\"https:\\\/\\\/carambas.eu\\\/ro\\\/homepagina\\\/\"},{\"@type\":\"ListItem\",\"position\":2,\"name\":\"Condi\u021bii generale\"}]},{\"@type\":\"WebSite\",\"@id\":\"https:\\\/\\\/carambas.eu\\\/#website\",\"url\":\"https:\\\/\\\/carambas.eu\\\/\",\"name\":\"Carambas\",\"description\":\"Your Car Company\",\"potentialAction\":[{\"@type\":\"SearchAction\",\"target\":{\"@type\":\"EntryPoint\",\"urlTemplate\":\"https:\\\/\\\/carambas.eu\\\/?s={search_term_string}\"},\"query-input\":{\"@type\":\"PropertyValueSpecification\",\"valueRequired\":true,\"valueName\":\"search_term_string\"}}],\"inLanguage\":\"ro-RO\"}]}<\/script>\n<!-- \/ Yoast SEO plugin. -->","yoast_head_json":{"title":"Condi\u021bii generale - Carambas","robots":{"index":"index","follow":"follow","max-snippet":"max-snippet:-1","max-image-preview":"max-image-preview:large","max-video-preview":"max-video-preview:-1"},"canonical":"https:\/\/carambas.eu\/ro\/conditii-generale\/","og_locale":"ro_RO","og_type":"article","og_title":"Condi\u021bii generale - Carambas","og_description":"\u00cenapoi la pagina principal\u0103 Condi\u021bii generale Contacta\u021bi-ne pentru condi\u021bii.Orar Luni \u2013 Vineri 09:00 - 17.00 S\u00e2mb\u0103t\u0103 \/ Duminic\u0103 \u00eenchis\u00a0 Kelvinstraat 14 7575 AS, Oldenzaal (NL) \u00a0+31 (0)541 - 2171 00 \u00a0info@carambas.euSociale Media \u00a0 Aram de Jong: &nbsp; \u00a0 +31 6 22112015 Bas Vos: &nbsp; \u00a0 +31 6 28110790 Home | Condi\u021bii generale | Declinarea responsabilit\u0103\u021bii [&hellip;]","og_url":"https:\/\/carambas.eu\/ro\/conditii-generale\/","og_site_name":"Carambas","article_modified_time":"2019-12-06T13:16:01+00:00","twitter_card":"summary_large_image","twitter_misc":{"Timp estimat pentru citire":"3 minute"},"schema":{"@context":"https:\/\/schema.org","@graph":[{"@type":"WebPage","@id":"https:\/\/carambas.eu\/ro\/conditii-generale\/","url":"https:\/\/carambas.eu\/ro\/conditii-generale\/","name":"Condi\u021bii generale - Carambas","isPartOf":{"@id":"https:\/\/carambas.eu\/#website"},"datePublished":"2019-03-18T11:15:04+00:00","dateModified":"2019-12-06T13:16:01+00:00","breadcrumb":{"@id":"https:\/\/carambas.eu\/ro\/conditii-generale\/#breadcrumb"},"inLanguage":"ro-RO","potentialAction":[{"@type":"ReadAction","target":["https:\/\/carambas.eu\/ro\/conditii-generale\/"]}]},{"@type":"BreadcrumbList","@id":"https:\/\/carambas.eu\/ro\/conditii-generale\/#breadcrumb","itemListElement":[{"@type":"ListItem","position":1,"name":"Home","item":"https:\/\/carambas.eu\/ro\/homepagina\/"},{"@type":"ListItem","position":2,"name":"Condi\u021bii generale"}]},{"@type":"WebSite","@id":"https:\/\/carambas.eu\/#website","url":"https:\/\/carambas.eu\/","name":"Carambas","description":"Your Car Company","potentialAction":[{"@type":"SearchAction","target":{"@type":"EntryPoint","urlTemplate":"https:\/\/carambas.eu\/?s={search_term_string}"},"query-input":{"@type":"PropertyValueSpecification","valueRequired":true,"valueName":"search_term_string"}}],"inLanguage":"ro-RO"}]}},"_links":{"self":[{"href":"https:\/\/carambas.eu\/ro\/wp-json\/wp\/v2\/pages\/1208","targetHints":{"allow":["GET"]}}],"collection":[{"href":"https:\/\/carambas.eu\/ro\/wp-json\/wp\/v2\/pages"}],"about":[{"href":"https:\/\/carambas.eu\/ro\/wp-json\/wp\/v2\/types\/page"}],"author":[{"embeddable":true,"href":"https:\/\/carambas.eu\/ro\/wp-json\/wp\/v2\/users\/1"}],"replies":[{"embeddable":true,"href":"https:\/\/carambas.eu\/ro\/wp-json\/wp\/v2\/comments?post=1208"}],"version-history":[{"count":5,"href":"https:\/\/carambas.eu\/ro\/wp-json\/wp\/v2\/pages\/1208\/revisions"}],"predecessor-version":[{"id":1256,"href":"https:\/\/carambas.eu\/ro\/wp-json\/wp\/v2\/pages\/1208\/revisions\/1256"}],"wp:attachment":[{"href":"https:\/\/carambas.eu\/ro\/wp-json\/wp\/v2\/media?parent=1208"}],"curies":[{"name":"wp","href":"https:\/\/api.w.org\/{rel}","templated":true}]}}